{"id":35857,"date":"2025-03-12T17:06:07","date_gmt":"2025-03-12T16:06:07","guid":{"rendered":"https:\/\/genuswatches.swiss\/confidentiality-cookies\/"},"modified":"2025-03-17T19:25:37","modified_gmt":"2025-03-17T18:25:37","slug":"confidentialite-et-cookies","status":"publish","type":"page","link":"https:\/\/genuswatches.swiss\/fr\/confidentialite-et-cookies\/","title":{"rendered":"Confidentialit\u00e9 et cookies"},"content":{"rendered":"\t\t<div data-elementor-type=\"wp-page\" data-elementor-id=\"35857\" class=\"elementor elementor-35857 elementor-35822\" data-elementor-post-type=\"page\">\n\t\t\t\t<div class=\"elementor-element elementor-element-038b2c3 e-flex e-con-boxed e-con e-parent\" data-id=\"038b2c3\" data-element_type=\"container\" data-e-type=\"container\" data-settings=\"{&quot;background_background&quot;:&quot;classic&quot;,&quot;jet_parallax_layout_list&quot;:[]}\">\n\t\t\t\t\t<div class=\"e-con-inner\">\n\t\t<div class=\"elementor-element elementor-element-e3216ed e-con-full e-flex elementor-invisible e-con e-child\" data-id=\"e3216ed\" data-element_type=\"container\" data-e-type=\"container\" data-settings=\"{&quot;animation&quot;:&quot;fadeInUp&quot;,&quot;animation_delay&quot;:&quot;200&quot;,&quot;jet_parallax_layout_list&quot;:[]}\">\n\t\t\t\t<div class=\"elementor-element elementor-element-36d48eb elementor-widget elementor-widget-heading\" data-id=\"36d48eb\" data-element_type=\"widget\" data-e-type=\"widget\" data-widget_type=\"heading.default\">\n\t\t\t\t<div class=\"elementor-widget-container\">\n\t\t\t\t\t<h1 class=\"elementor-heading-title elementor-size-default\">Confidentialit\u00e9<\/h1>\t\t\t\t<\/div>\n\t\t\t\t<\/div>\n\t\t\t\t<div class=\"elementor-element elementor-element-b8e342d elementor-widget elementor-widget-heading\" data-id=\"b8e342d\" data-element_type=\"widget\" data-e-type=\"widget\" data-widget_type=\"heading.default\">\n\t\t\t\t<div class=\"elementor-widget-container\">\n\t\t\t\t\t<h5 class=\"elementor-heading-title elementor-size-default\">Genus<\/h5>\t\t\t\t<\/div>\n\t\t\t\t<\/div>\n\t\t\t\t<\/div>\n\t\t\t\t\t<\/div>\n\t\t\t\t<\/div>\n\t\t<div class=\"elementor-element elementor-element-9933890 e-flex e-con-boxed e-con e-parent\" data-id=\"9933890\" data-element_type=\"container\" data-e-type=\"container\" data-settings=\"{&quot;background_background&quot;:&quot;classic&quot;,&quot;jet_parallax_layout_list&quot;:[]}\">\n\t\t\t\t\t<div class=\"e-con-inner\">\n\t\t<div class=\"elementor-element elementor-element-975a71c e-con-full e-flex elementor-invisible e-con e-child\" data-id=\"975a71c\" data-element_type=\"container\" data-e-type=\"container\" data-settings=\"{&quot;animation&quot;:&quot;fadeInUp&quot;,&quot;animation_delay&quot;:&quot;200&quot;,&quot;jet_parallax_layout_list&quot;:[]}\">\n\t\t\t\t<div class=\"elementor-element elementor-element-cc6f298 elementor-widget elementor-widget-text-editor\" data-id=\"cc6f298\" data-element_type=\"widget\" data-e-type=\"widget\" data-widget_type=\"text-editor.default\">\n\t\t\t\t<div class=\"elementor-widget-container\">\n\t\t\t\t\t\t\t\t\t<h3>1.1 &#8211; La Politique de Cookie<\/h3><h3>1.1.1 &#8211; Qu\u2019est-ce qu\u2019un cookie<\/h3><p>Un \u00ab cookie \u00bb est un fichier de taille limit\u00e9e, g\u00e9n\u00e9ralement constitu\u00e9 de lettres et de chiffres, envoy\u00e9 par le serveur internet au fichier cookie du navigateur situ\u00e9 sur le disque dur de votre ordinateur.<\/p><p>Pour en savoir plus sur les cookies, vous pouvez suivre <span style=\"text-decoration: underline;\"><a href=\"https:\/\/www.cnil.fr\/fr\/cookies-et-autres-traceurs\/comment-se-proteger\/maitriser-votre-navigateur\" target=\"_blank\" rel=\"noopener\">ce lien<\/a><\/span> propos\u00e9 par la CNIL. Cela vous permettra notamment d\u2019avoir les m\u00e9thodes pour param\u00e9trer et bloquer les cookies si vous le souhaitez via votre navigateur.<\/p><p><button class=\"cky-banner-element\">G\u00e9rez votre consentement<\/button><\/p><h3>1.1.2 &#8211; Les diff\u00e9rents types de cookies<\/h3><div>Ces cookies sont susceptibles d\u2019\u00e9voluer. Nous t\u00e2chons de mettre \u00e0 jour r\u00e9guli\u00e8rement la liste de cookies identifi\u00e9s sur notre site.<\/div><div><strong><br \/>N\u00e9cessaire\/Essentiel<\/strong> : Certains cookies sont essentiels pour que vous puissiez b\u00e9n\u00e9ficier de toutes les fonctionnalit\u00e9s de notre site. Ils nous permettent de maintenir les sessions des utilisateurs et de pr\u00e9venir toute menace de s\u00e9curit\u00e9. Ils ne collectent ni ne stockent aucune information personnelle. Par exemple, ces cookies vous permettent de vous connecter \u00e0 votre compte et d&#8217;ajouter des produits \u00e0 votre panier, et de passer \u00e0 la caisse en toute s\u00e9curit\u00e9.<\/div><div>\u00a0<\/div><div><strong>Non N\u00e9cessaire : <\/strong>Tous les cookies qui ne sont pas particuli\u00e8rement n\u00e9cessaires au fonctionnement du site web et qui sont utilis\u00e9s sp\u00e9cifiquement pour collecter les donn\u00e9es personnelles de l&#8217;utilisateur par le biais d&#8217;analyses, de publicit\u00e9s et d&#8217;autres contenus int\u00e9gr\u00e9s sont appel\u00e9s cookies non n\u00e9cessaires. Il est obligatoire d&#8217;obtenir le consentement de l&#8217;utilisateur avant d&#8217;utiliser ces cookies sur votre site web.<\/div><div>\u00a0<\/div><div><strong>Analytique\/Statistiques<\/strong> : Ces cookies stockent des informations telles que le nombre de visiteurs du site web, le nombre de visiteurs uniques, les pages du site web qui ont \u00e9t\u00e9 visit\u00e9es, la source de la visite, etc. Ces donn\u00e9es nous aident \u00e0 comprendre et \u00e0 analyser les performances du site web et les points \u00e0 am\u00e9liorer.<\/div><div>\u00a0<\/div><div><strong>Publicit\u00e9\/Marketing<\/strong> : Ces cookies sont utilis\u00e9s pour personnaliser les publicit\u00e9s que nous vous montrons afin qu&#8217;elles soient significatives pour vous. Ces cookies nous aident \u00e9galement \u00e0 suivre l&#8217;efficacit\u00e9 de ces campagnes publicitaires.Les informations stock\u00e9es dans ces cookies peuvent \u00e9galement \u00eatre utilis\u00e9es par les fournisseurs de publicit\u00e9 tiers pour vous montrer des publicit\u00e9s sur d&#8217;autres sites web sur le navigateur \u00e9galement.<\/div><div>\u00a0<\/div><div><strong>Fonctionnels<\/strong> : Ce sont les cookies qui aident certaines fonctionnalit\u00e9s non essentielles sur notre site web. Ces fonctionnalit\u00e9s comprennent l&#8217;int\u00e9gration de contenus tels que des vid\u00e9os ou le partage de contenus du site web sur des plateformes de m\u00e9dias sociaux.<\/div><div>\u00a0<\/div><div><strong>Pr\u00e9f\u00e9rences<\/strong> : Ces cookies nous aident \u00e0 stocker vos param\u00e8tres et pr\u00e9f\u00e9rences de navigation, comme les pr\u00e9f\u00e9rences linguistiques, afin que vous ayez une exp\u00e9rience meilleure et efficace lors de vos prochaines visites sur le site web.<\/div><div>\u00a0<\/div><div><strong>Performance<\/strong> : Les cookies de performance sont utilis\u00e9s pour comprendre et analyser les indices de performance cl\u00e9s du site web, ce qui permet d&#8217;offrir une meilleure exp\u00e9rience utilisateur aux visiteurs.<\/div><div>\u00a0<\/div><div><strong>Autres<\/strong> : Les autres cookies non cat\u00e9goris\u00e9s sont ceux qui sont en cours d&#8217;analyse et qui n&#8217;ont pas encore \u00e9t\u00e9 class\u00e9s dans une cat\u00e9gorie.<\/div><div>\u00a0<\/div><h5>Types de cookies que nous utilisons<\/h5><div class=\"cky-audit-table-element\">\u00a0<\/div><h2>1.2 &#8211; Politique de protection des donn\u00e9es personnelles<\/h2><h3>1.2.1 &#8211; Qui est le responsable du traitement de mes donn\u00e9es personnelles ?<\/h3><p>Les donn\u00e9es personnelles collect\u00e9es sur le site www.genuswatches.swiss sont trait\u00e9es par :<\/p><p>GENUS<br \/>Route de la Galaise 24<br \/>1228 Plan-les-Ouates<br \/>Gen\u00e8ve \u2013 Suisse<br \/>contact@genuswatches.swiss<\/p><p>Le responsable de traitement des donn\u00e9es personnelles collect\u00e9es sera cit\u00e9 ci-apr\u00e8s tel quel : \u00ab S\u00e9bastien Billi\u00e8res \u00bb.<\/p><h3>1.2.2 &#8211; Pourquoi l&#8217;on collecte vos donn\u00e9es personnelles ?<\/h3><p>Les donn\u00e9es r\u00e9colt\u00e9es via le site internet (formulaire de contact pour prise de rendez-vous, inscription newsletter, contact r\u00e9seaux sociaux, cr\u00e9ation de compte) ne seront utilis\u00e9es \u00e0 des fins commerciales que sur accord explicite de la part du propri\u00e9taire de ces informations. Par exemple : accord des CGU lors de la demande de contact.<\/p><p>Concernant le formulaire de contact, en le remplissant, vous acceptez que les donn\u00e9es que vous avez ainsi renseign\u00e9es soient conserv\u00e9es et utilis\u00e9es par le responsable de traitement dans le cadre de notre collaboration. Vos donn\u00e9es seront conserv\u00e9es jusqu\u2019\u00e0 trois ans apr\u00e8s la fin de notre collaboration. Elles ne seront pas partag\u00e9es avec des structures ou personnes tiers sans accord explicite de votre part. Vous pouvez demander leur suppression ou modification \u00e0 tout moment en \u00e9crivant \u00e0 contact@genuswatches.<\/p><h3>1.2.3 &#8211; Quelles sont les donn\u00e9es personnelles qui sont collect\u00e9es me concernant et comment sont-elles collect\u00e9es ?<\/h3><p><strong>1. Le formulaire de contact<\/strong><\/p><p>Nous utilisons un formulaire de contact sur notre site.<\/p><p>Dans ce formulaire, vous devez nous indiquer votre nom, adresse e-mail, t\u00e9l\u00e9phone et la possibilit\u00e9 de prendre rendez-vous ou toute demande d\u2019information qu\u2019il vous est n\u00e9cessaire d\u2019obtenir.<\/p><p>Ce formulaire est utilis\u00e9 afin que vous puissiez prendre rendez-vous pour une d\u00e9monstration de notre solution et lors de ce rendez-vous, \u00e9changer sur vos besoins.<\/p><p><strong>2. Les cookies<\/strong><\/p><p>Nous utilisons des cookies sur notre site internet pour des besoins d\u2019\u00e9tudes statistiques et de performance de notre site internet. Nous souhaitons connaitre le nombre de visiteurs, le type de visiteurs, le temps pass\u00e9 sur le site internet, le nombre de page consult\u00e9e et la performance des diff\u00e9rentes pages. L\u2019objectif de ces cookies est de nous aider pour vous proposer la meilleure exp\u00e9rience possible sur notre site internet.<\/p><p>Ces donn\u00e9es sont utilis\u00e9es \u00e0 des fins marketing et commerciale pour les demandes de contacts.<\/p><p><strong>3. Suppression ou blocage des cookies<\/strong><\/p><p>Si vous d\u00e9cidez de modifier vos pr\u00e9f\u00e9rences plus tard au cours de votre session de navigation, vous pouvez cliquer sur l&#8217;onglet &#8220;G\u00e9rez votre consentement&#8221; sur votre \u00e9cran. Cela affichera \u00e0 nouveau l&#8217;avis de consentement vous permettant de modifier vos pr\u00e9f\u00e9rences ou de retirer enti\u00e8rement votre consentement.<\/p><p>En outre, les diff\u00e9rents navigateurs offrent diff\u00e9rentes m\u00e9thodes pour bloquer et supprimer les cookies utilis\u00e9s par les sites web. Vous pouvez modifier les param\u00e8tres de votre navigateur pour bloquer\/supprimer les cookies. Pour en savoir plus sur la mani\u00e8re de g\u00e9rer et de supprimer les cookies, consultez le site wikipedia.org, www.allaboutcookies.org.<\/p><h3>1.2.4 &#8211; Sur quelle base l\u00e9gale et pour quelles dur\u00e9es mes donn\u00e9es personnelles sont-elles trait\u00e9es ?<\/h3><p>Parmi les bases l\u00e9gales applicables, les traitements de donn\u00e9es personnelles sont bas\u00e9s sur les suivantes :<\/p><p>Le consentement : vous acceptez le traitement de vos donn\u00e9es personnelles par le biais d\u2019un consentement expr\u00e8s (exemple : case \u00e0 cocher en bas du formulaire de contact, acceptation des cookies via le bandeau cookies). Vous pouvez retirer ce consentement \u00e0 tout moment.<\/p><p>S\u00e9bastien Billi\u00e8res a un int\u00e9r\u00eat \u00e0 traiter vos donn\u00e9es qui est justifi\u00e9, \u00e9quilibr\u00e9 et ne vient pas porter atteinte \u00e0 votre vie priv\u00e9e. Vous pouvez \u00e0 tout moment vous opposer \u00e0 un traitement bas\u00e9 sur l\u2019int\u00e9r\u00eat l\u00e9gitime en le signalant \u00e0 contact@genuswatches.<\/p><p>Les donn\u00e9es r\u00e9colt\u00e9es avec accord explicite du propri\u00e9taire seront supprim\u00e9es au-del\u00e0 de 24 mois si aucun contact commercial n\u2019a \u00e9t\u00e9 maintenu avec le propri\u00e9taire.<\/p><h3>1.2.5 &#8211; Qui sont les destinataires de mes donn\u00e9es ?<\/h3><p>Seul S\u00e9bastien Billi\u00e8res est destinataire de vos donn\u00e9es. Aucun transfert de donn\u00e9es n\u2019est effectu\u00e9 \u00e0 des tiers.<\/p><p>Comment faire valoir mes droits au regard de l\u2019utilisation des donn\u00e9es personnelles ?<\/p><p>Conform\u00e9ment au R\u00e8glement G\u00e9n\u00e9ral sur la Protection des Donn\u00e9es (RGPD), vous pouvez exercer vos droits (acc\u00e8s, rectification, suppression, opposition, limitation et portabilit\u00e9 le cas \u00e9ch\u00e9ant) soit par email : contact@genuswatches soit par courrier : GENUS, Route de la Galaise 24, 1228 Plan-les-Ouates, Gen\u00e8ve \u2013 Suisse<\/p><p>Le consentement d\u2019utilisation des donn\u00e9es personnelles doit \u00eatre explicite sans quoi, S\u00e9bastien Billi\u00e8res s\u2019engage \u00e0 ne pas utiliser ces donn\u00e9es.<\/p><p>Tout individu a le droit de demander au responsable du traitement l\u2019acc\u00e8s aux donn\u00e9es \u00e0 caract\u00e8re personnel, la rectification ou l\u2019effacement de celles-ci, ou une limitation du traitement relatif \u00e0 la personne concern\u00e9e, ou du droit de s\u2019opposer au traitement et du droit \u00e0 la portabilit\u00e9 des donn\u00e9es et de retirer son consentement.<\/p><p>Concernant le formulaire de contact, en utilisant ce formulaire de contact, vous acceptez que S\u00e9bastien Billi\u00e8res vous recontacte \u00e0 des fins commerciales.<\/p><p>S\u00e9bastien Billi\u00e8res s\u2019engage \u00e0 r\u00e9pondre \u00e0 votre demande d\u2019acc\u00e8s, de rectification ou d\u2019opposition ou toute autre demande suppl\u00e9mentaire d\u2019informations dans un d\u00e9lai qui ne devrait pas d\u00e9passer 1 mois \u00e0 date de r\u00e9ception de votre demande.<\/p><p>Si vous consid\u00e9rez que S\u00e9bastien Billi\u00e8res ne respecte pas ses obligations au regard de vos informations personnelles, vous serez dans votre droit d\u2019adresser une plainte ou une demande aupr\u00e8s de l\u2019autorit\u00e9 comp\u00e9tente, \u00e0 savoir la CNIL.<\/p>\t\t\t\t\t\t\t\t<\/div>\n\t\t\t\t<\/div>\n\t\t\t\t<\/div>\n\t\t\t\t\t<\/div>\n\t\t\t\t<\/div>\n\t\t\t\t<\/div>\n\t\t","protected":false},"excerpt":{"rendered":"<p>Confidentialit\u00e9 Genus 1.1 &#8211; La Politique de Cookie 1.1.1 &#8211; Qu\u2019est-ce qu\u2019un cookie Un \u00ab cookie \u00bb est un fichier de taille limit\u00e9e, g\u00e9n\u00e9ralement constitu\u00e9 de lettres et de chiffres, envoy\u00e9 par le serveur internet au fichier cookie du navigateur situ\u00e9 sur le disque dur de votre ordinateur. Pour en savoir plus sur les cookies, [&hellip;]<\/p>\n","protected":false},"author":8,"featured_media":0,"parent":0,"menu_order":22,"comment_status":"closed","ping_status":"closed","template":"elementor_header_footer","meta":{"footnotes":""},"class_list":["post-35857","page","type-page","status-publish","hentry"],"yoast_head":"<!-- This site is optimized with the Yoast SEO plugin v27.1.1 - https:\/\/yoast.com\/product\/yoast-seo-wordpress\/ -->\n<title>Confidentialit\u00e9 et cookies - Genus Watches<\/title>\n<meta name=\"robots\" content=\"noindex, nofollow\" \/>\n<meta property=\"og:locale\" content=\"fr_FR\" \/>\n<meta property=\"og:type\" content=\"article\" \/>\n<meta property=\"og:title\" content=\"Confidentialit\u00e9 et cookies - Genus Watches\" \/>\n<meta property=\"og:description\" content=\"Confidentialit\u00e9 Genus 1.1 &#8211; La Politique de Cookie 1.1.1 &#8211; Qu\u2019est-ce qu\u2019un cookie Un \u00ab cookie \u00bb est un fichier de taille limit\u00e9e, g\u00e9n\u00e9ralement constitu\u00e9 de lettres et de chiffres, envoy\u00e9 par le serveur internet au fichier cookie du navigateur situ\u00e9 sur le disque dur de votre ordinateur. Pour en savoir plus sur les cookies, [&hellip;]\" \/>\n<meta property=\"og:url\" content=\"https:\/\/genuswatches.swiss\/fr\/confidentialite-et-cookies\/\" \/>\n<meta property=\"og:site_name\" content=\"Genus Watches\" \/>\n<meta property=\"article:modified_time\" content=\"2025-03-17T18:25:37+00:00\" \/>\n<meta property=\"og:image\" content=\"https:\/\/genuswatches.swiss\/wp-content\/uploads\/2024\/01\/Genus_Dragon\u00a9point-of-views.ch_2050039-1-scaled.jpg\" \/>\n\t<meta property=\"og:image:width\" content=\"2560\" \/>\n\t<meta property=\"og:image:height\" content=\"1707\" \/>\n\t<meta property=\"og:image:type\" content=\"image\/jpeg\" \/>\n<meta name=\"twitter:card\" content=\"summary_large_image\" \/>\n<script type=\"application\/ld+json\" class=\"yoast-schema-graph\">{\"@context\":\"https:\/\/schema.org\",\"@graph\":[{\"@type\":\"WebPage\",\"@id\":\"https:\/\/genuswatches.swiss\/fr\/confidentialite-et-cookies\/\",\"url\":\"https:\/\/genuswatches.swiss\/fr\/confidentialite-et-cookies\/\",\"name\":\"Confidentialit\u00e9 et cookies - Genus Watches\",\"isPartOf\":{\"@id\":\"https:\/\/genuswatches.swiss\/fr\/#website\"},\"datePublished\":\"2025-03-12T16:06:07+00:00\",\"dateModified\":\"2025-03-17T18:25:37+00:00\",\"breadcrumb\":{\"@id\":\"https:\/\/genuswatches.swiss\/fr\/confidentialite-et-cookies\/#breadcrumb\"},\"inLanguage\":\"fr-FR\",\"potentialAction\":[{\"@type\":\"ReadAction\",\"target\":[\"https:\/\/genuswatches.swiss\/fr\/confidentialite-et-cookies\/\"]}]},{\"@type\":\"BreadcrumbList\",\"@id\":\"https:\/\/genuswatches.swiss\/fr\/confidentialite-et-cookies\/#breadcrumb\",\"itemListElement\":[{\"@type\":\"ListItem\",\"position\":1,\"name\":\"Home\",\"item\":\"https:\/\/genuswatches.swiss\/fr\/\"},{\"@type\":\"ListItem\",\"position\":2,\"name\":\"Confidentialit\u00e9 et cookies\"}]},{\"@type\":\"WebSite\",\"@id\":\"https:\/\/genuswatches.swiss\/fr\/#website\",\"url\":\"https:\/\/genuswatches.swiss\/fr\/\",\"name\":\"Genus Watches\",\"description\":\"Singularity of time\",\"publisher\":{\"@id\":\"https:\/\/genuswatches.swiss\/fr\/#organization\"},\"potentialAction\":[{\"@type\":\"SearchAction\",\"target\":{\"@type\":\"EntryPoint\",\"urlTemplate\":\"https:\/\/genuswatches.swiss\/fr\/?s={search_term_string}\"},\"query-input\":{\"@type\":\"PropertyValueSpecification\",\"valueRequired\":true,\"valueName\":\"search_term_string\"}}],\"inLanguage\":\"fr-FR\"},{\"@type\":\"Organization\",\"@id\":\"https:\/\/genuswatches.swiss\/fr\/#organization\",\"name\":\"GENUS WATCHES\",\"url\":\"https:\/\/genuswatches.swiss\/fr\/\",\"logo\":{\"@type\":\"ImageObject\",\"inLanguage\":\"fr-FR\",\"@id\":\"https:\/\/genuswatches.swiss\/fr\/#\/schema\/logo\/image\/\",\"url\":\"https:\/\/genuswatches.swiss\/wp-content\/uploads\/2026\/03\/Logo_Genus_RVB.jpg\",\"contentUrl\":\"https:\/\/genuswatches.swiss\/wp-content\/uploads\/2026\/03\/Logo_Genus_RVB.jpg\",\"width\":1000,\"height\":1000,\"caption\":\"GENUS WATCHES\"},\"image\":{\"@id\":\"https:\/\/genuswatches.swiss\/fr\/#\/schema\/logo\/image\/\"}}]}<\/script>\n<!-- \/ Yoast SEO plugin. -->","yoast_head_json":{"title":"Confidentialit\u00e9 et cookies - Genus Watches","robots":{"index":"noindex","follow":"nofollow"},"og_locale":"fr_FR","og_type":"article","og_title":"Confidentialit\u00e9 et cookies - Genus Watches","og_description":"Confidentialit\u00e9 Genus 1.1 &#8211; La Politique de Cookie 1.1.1 &#8211; Qu\u2019est-ce qu\u2019un cookie Un \u00ab cookie \u00bb est un fichier de taille limit\u00e9e, g\u00e9n\u00e9ralement constitu\u00e9 de lettres et de chiffres, envoy\u00e9 par le serveur internet au fichier cookie du navigateur situ\u00e9 sur le disque dur de votre ordinateur. Pour en savoir plus sur les cookies, [&hellip;]","og_url":"https:\/\/genuswatches.swiss\/fr\/confidentialite-et-cookies\/","og_site_name":"Genus Watches","article_modified_time":"2025-03-17T18:25:37+00:00","og_image":[{"width":2560,"height":1707,"url":"https:\/\/genuswatches.swiss\/wp-content\/uploads\/2024\/01\/Genus_Dragon\u00a9point-of-views.ch_2050039-1-scaled.jpg","type":"image\/jpeg"}],"twitter_card":"summary_large_image","schema":{"@context":"https:\/\/schema.org","@graph":[{"@type":"WebPage","@id":"https:\/\/genuswatches.swiss\/fr\/confidentialite-et-cookies\/","url":"https:\/\/genuswatches.swiss\/fr\/confidentialite-et-cookies\/","name":"Confidentialit\u00e9 et cookies - Genus Watches","isPartOf":{"@id":"https:\/\/genuswatches.swiss\/fr\/#website"},"datePublished":"2025-03-12T16:06:07+00:00","dateModified":"2025-03-17T18:25:37+00:00","breadcrumb":{"@id":"https:\/\/genuswatches.swiss\/fr\/confidentialite-et-cookies\/#breadcrumb"},"inLanguage":"fr-FR","potentialAction":[{"@type":"ReadAction","target":["https:\/\/genuswatches.swiss\/fr\/confidentialite-et-cookies\/"]}]},{"@type":"BreadcrumbList","@id":"https:\/\/genuswatches.swiss\/fr\/confidentialite-et-cookies\/#breadcrumb","itemListElement":[{"@type":"ListItem","position":1,"name":"Home","item":"https:\/\/genuswatches.swiss\/fr\/"},{"@type":"ListItem","position":2,"name":"Confidentialit\u00e9 et cookies"}]},{"@type":"WebSite","@id":"https:\/\/genuswatches.swiss\/fr\/#website","url":"https:\/\/genuswatches.swiss\/fr\/","name":"Genus Watches","description":"Singularity of time","publisher":{"@id":"https:\/\/genuswatches.swiss\/fr\/#organization"},"potentialAction":[{"@type":"SearchAction","target":{"@type":"EntryPoint","urlTemplate":"https:\/\/genuswatches.swiss\/fr\/?s={search_term_string}"},"query-input":{"@type":"PropertyValueSpecification","valueRequired":true,"valueName":"search_term_string"}}],"inLanguage":"fr-FR"},{"@type":"Organization","@id":"https:\/\/genuswatches.swiss\/fr\/#organization","name":"GENUS WATCHES","url":"https:\/\/genuswatches.swiss\/fr\/","logo":{"@type":"ImageObject","inLanguage":"fr-FR","@id":"https:\/\/genuswatches.swiss\/fr\/#\/schema\/logo\/image\/","url":"https:\/\/genuswatches.swiss\/wp-content\/uploads\/2026\/03\/Logo_Genus_RVB.jpg","contentUrl":"https:\/\/genuswatches.swiss\/wp-content\/uploads\/2026\/03\/Logo_Genus_RVB.jpg","width":1000,"height":1000,"caption":"GENUS WATCHES"},"image":{"@id":"https:\/\/genuswatches.swiss\/fr\/#\/schema\/logo\/image\/"}}]}},"_links":{"self":[{"href":"https:\/\/genuswatches.swiss\/fr\/wp-json\/wp\/v2\/pages\/35857","targetHints":{"allow":["GET"]}}],"collection":[{"href":"https:\/\/genuswatches.swiss\/fr\/wp-json\/wp\/v2\/pages"}],"about":[{"href":"https:\/\/genuswatches.swiss\/fr\/wp-json\/wp\/v2\/types\/page"}],"author":[{"embeddable":true,"href":"https:\/\/genuswatches.swiss\/fr\/wp-json\/wp\/v2\/users\/8"}],"replies":[{"embeddable":true,"href":"https:\/\/genuswatches.swiss\/fr\/wp-json\/wp\/v2\/comments?post=35857"}],"version-history":[{"count":0,"href":"https:\/\/genuswatches.swiss\/fr\/wp-json\/wp\/v2\/pages\/35857\/revisions"}],"wp:attachment":[{"href":"https:\/\/genuswatches.swiss\/fr\/wp-json\/wp\/v2\/media?parent=35857"}],"curies":[{"name":"wp","href":"https:\/\/api.w.org\/{rel}","templated":true}]}}