{"id":35858,"date":"2025-03-12T17:01:38","date_gmt":"2025-03-12T16:01:38","guid":{"rendered":"https:\/\/genuswatches.swiss\/legal-information\/"},"modified":"2025-04-15T17:56:35","modified_gmt":"2025-04-15T15:56:35","slug":"mentions-legales","status":"publish","type":"page","link":"https:\/\/genuswatches.swiss\/fr\/mentions-legales\/","title":{"rendered":"Mentions l\u00e9gales"},"content":{"rendered":"\t\t<div data-elementor-type=\"wp-page\" data-elementor-id=\"35858\" class=\"elementor elementor-35858 elementor-35810\" data-elementor-post-type=\"page\">\n\t\t\t\t<div class=\"elementor-element elementor-element-038b2c3 e-flex e-con-boxed e-con e-parent\" data-id=\"038b2c3\" data-element_type=\"container\" data-e-type=\"container\" data-settings=\"{&quot;background_background&quot;:&quot;classic&quot;,&quot;jet_parallax_layout_list&quot;:[]}\">\n\t\t\t\t\t<div class=\"e-con-inner\">\n\t\t<div class=\"elementor-element elementor-element-e3216ed e-con-full e-flex elementor-invisible e-con e-child\" data-id=\"e3216ed\" data-element_type=\"container\" data-e-type=\"container\" data-settings=\"{&quot;animation&quot;:&quot;fadeInUp&quot;,&quot;animation_delay&quot;:&quot;200&quot;,&quot;jet_parallax_layout_list&quot;:[]}\">\n\t\t\t\t<div class=\"elementor-element elementor-element-b8e342d elementor-widget elementor-widget-heading\" data-id=\"b8e342d\" data-element_type=\"widget\" data-e-type=\"widget\" data-widget_type=\"heading.default\">\n\t\t\t\t<div class=\"elementor-widget-container\">\n\t\t\t\t\t<h5 class=\"elementor-heading-title elementor-size-default\">Genus<\/h5>\t\t\t\t<\/div>\n\t\t\t\t<\/div>\n\t\t\t\t<\/div>\n\t\t\t\t\t<\/div>\n\t\t\t\t<\/div>\n\t\t<div class=\"elementor-element elementor-element-9933890 e-flex e-con-boxed e-con e-parent\" data-id=\"9933890\" data-element_type=\"container\" data-e-type=\"container\" data-settings=\"{&quot;background_background&quot;:&quot;classic&quot;,&quot;jet_parallax_layout_list&quot;:[]}\">\n\t\t\t\t\t<div class=\"e-con-inner\">\n\t\t<div class=\"elementor-element elementor-element-975a71c e-con-full e-flex elementor-invisible e-con e-child\" data-id=\"975a71c\" data-element_type=\"container\" data-e-type=\"container\" data-settings=\"{&quot;animation&quot;:&quot;fadeInUp&quot;,&quot;animation_delay&quot;:&quot;200&quot;,&quot;jet_parallax_layout_list&quot;:[]}\">\n\t\t\t\t<div class=\"elementor-element elementor-element-3b664e8 elementor-widget elementor-widget-text-editor\" data-id=\"3b664e8\" data-element_type=\"widget\" data-e-type=\"widget\" data-widget_type=\"text-editor.default\">\n\t\t\t\t<div class=\"elementor-widget-container\">\n\t\t\t\t\t\t\t\t\t<h2>Qui sommes nous ?<\/h2><p>L\u2019adresse de notre site Web est :<br \/>www.genuswatches.swiss<\/p><h2>\u00c9diteur<\/h2><p>Le site web est \u00e9dit\u00e9 par S\u00e9bastien Billi\u00e8res<\/p><p>GENUS<br \/>Route de la Galaise 24<br \/>1228 Plan-les-Ouates<br \/>Gen\u00e8ve \u2013 Suisse<br \/>contact@genuswatches<\/p><h3><strong>H\u00e9bergeur<br \/><\/strong><\/h3><p>Infomaniak<br \/>25 Rue Eug\u00e8ne-Marziano,<br \/>1227 Les Acacias \u2013 Suisse<\/p><h3><strong>R\u00e9alisation du site<br \/><\/strong><\/h3><p>Design \/\u00a0<a href=\"https:\/\/www.emilywulf.ch\/\" target=\"_blank\" rel=\"noopener\">Emily Wulf<\/a><br \/>Creation \/<a href=\"https:\/\/www.procomag.ch\/\" target=\"_blank\" rel=\"noopener\">Agence Procomag<\/a><\/p><h3><strong>Cr\u00e9dits photos &amp; vid\u00e9os<\/strong><\/h3><p>Genus<br \/>Emily Wulf<br \/>Envato<br \/>Deposit<br \/>Unsplash<\/p><h3><strong>Politique de confidentialit\u00e9 et de cookie<\/strong><\/h3><p><a href=\"https:\/\/genuswatches.swiss\/fr\/confidentialite-et-cookies\/\">&gt;&gt; Voir notre politique de confidentialit\u00e9 et de cookie<\/a><\/p><h3><strong>Droit applicable<\/strong><\/h3><p>Ce site ainsi que les pr\u00e9sentes mentions l\u00e9gales sont soumis au droit suisse.<\/p>\t\t\t\t\t\t\t\t<\/div>\n\t\t\t\t<\/div>\n\t\t\t\t<\/div>\n\t\t\t\t\t<\/div>\n\t\t\t\t<\/div>\n\t\t\t\t<\/div>\n\t\t","protected":false},"excerpt":{"rendered":"<p>Genus Qui sommes nous ? L\u2019adresse de notre site Web est :www.genuswatches.swiss \u00c9diteur Le site web est \u00e9dit\u00e9 par S\u00e9bastien Billi\u00e8res GENUSRoute de la Galaise 241228 Plan-les-OuatesGen\u00e8ve \u2013 Suissecontact@genuswatches H\u00e9bergeur Infomaniak25 Rue Eug\u00e8ne-Marziano,1227 Les Acacias \u2013 Suisse R\u00e9alisation du site Design \/\u00a0Emily WulfCreation \/Agence Procomag Cr\u00e9dits photos &amp; vid\u00e9os GenusEmily WulfEnvatoDepositUnsplash Politique de confidentialit\u00e9 et [&hellip;]<\/p>\n","protected":false},"author":8,"featured_media":0,"parent":0,"menu_order":20,"comment_status":"closed","ping_status":"closed","template":"elementor_header_footer","meta":{"footnotes":""},"class_list":["post-35858","page","type-page","status-publish","hentry"],"yoast_head":"<!-- This site is optimized with the Yoast SEO plugin v27.1.1 - https:\/\/yoast.com\/product\/yoast-seo-wordpress\/ -->\n<title>Mentions l\u00e9gales - Genus Watches<\/title>\n<meta name=\"robots\" content=\"noindex, nofollow\" \/>\n<meta property=\"og:locale\" content=\"fr_FR\" \/>\n<meta property=\"og:type\" content=\"article\" \/>\n<meta property=\"og:title\" content=\"Mentions l\u00e9gales - Genus Watches\" \/>\n<meta property=\"og:description\" content=\"Genus Qui sommes nous ? L\u2019adresse de notre site Web est :www.genuswatches.swiss \u00c9diteur Le site web est \u00e9dit\u00e9 par S\u00e9bastien Billi\u00e8res GENUSRoute de la Galaise 241228 Plan-les-OuatesGen\u00e8ve \u2013 Suissecontact@genuswatches H\u00e9bergeur Infomaniak25 Rue Eug\u00e8ne-Marziano,1227 Les Acacias \u2013 Suisse R\u00e9alisation du site Design \/\u00a0Emily WulfCreation \/Agence Procomag Cr\u00e9dits photos &amp; vid\u00e9os GenusEmily WulfEnvatoDepositUnsplash Politique de confidentialit\u00e9 et [&hellip;]\" \/>\n<meta property=\"og:url\" content=\"https:\/\/genuswatches.swiss\/fr\/mentions-legales\/\" \/>\n<meta property=\"og:site_name\" content=\"Genus Watches\" \/>\n<meta property=\"article:modified_time\" content=\"2025-04-15T15:56:35+00:00\" \/>\n<meta property=\"og:image\" content=\"https:\/\/genuswatches.swiss\/wp-content\/uploads\/2024\/01\/Genus_Dragon\u00a9point-of-views.ch_2050039-1-scaled.jpg\" \/>\n\t<meta property=\"og:image:width\" content=\"2560\" \/>\n\t<meta property=\"og:image:height\" content=\"1707\" \/>\n\t<meta property=\"og:image:type\" content=\"image\/jpeg\" \/>\n<meta name=\"twitter:card\" content=\"summary_large_image\" \/>\n<script type=\"application\/ld+json\" class=\"yoast-schema-graph\">{\"@context\":\"https:\/\/schema.org\",\"@graph\":[{\"@type\":\"WebPage\",\"@id\":\"https:\/\/genuswatches.swiss\/fr\/mentions-legales\/\",\"url\":\"https:\/\/genuswatches.swiss\/fr\/mentions-legales\/\",\"name\":\"Mentions l\u00e9gales - Genus Watches\",\"isPartOf\":{\"@id\":\"https:\/\/genuswatches.swiss\/fr\/#website\"},\"datePublished\":\"2025-03-12T16:01:38+00:00\",\"dateModified\":\"2025-04-15T15:56:35+00:00\",\"breadcrumb\":{\"@id\":\"https:\/\/genuswatches.swiss\/fr\/mentions-legales\/#breadcrumb\"},\"inLanguage\":\"fr-FR\",\"potentialAction\":[{\"@type\":\"ReadAction\",\"target\":[\"https:\/\/genuswatches.swiss\/fr\/mentions-legales\/\"]}]},{\"@type\":\"BreadcrumbList\",\"@id\":\"https:\/\/genuswatches.swiss\/fr\/mentions-legales\/#breadcrumb\",\"itemListElement\":[{\"@type\":\"ListItem\",\"position\":1,\"name\":\"Home\",\"item\":\"https:\/\/genuswatches.swiss\/fr\/\"},{\"@type\":\"ListItem\",\"position\":2,\"name\":\"Mentions l\u00e9gales\"}]},{\"@type\":\"WebSite\",\"@id\":\"https:\/\/genuswatches.swiss\/fr\/#website\",\"url\":\"https:\/\/genuswatches.swiss\/fr\/\",\"name\":\"Genus Watches\",\"description\":\"Singularity of time\",\"publisher\":{\"@id\":\"https:\/\/genuswatches.swiss\/fr\/#organization\"},\"potentialAction\":[{\"@type\":\"SearchAction\",\"target\":{\"@type\":\"EntryPoint\",\"urlTemplate\":\"https:\/\/genuswatches.swiss\/fr\/?s={search_term_string}\"},\"query-input\":{\"@type\":\"PropertyValueSpecification\",\"valueRequired\":true,\"valueName\":\"search_term_string\"}}],\"inLanguage\":\"fr-FR\"},{\"@type\":\"Organization\",\"@id\":\"https:\/\/genuswatches.swiss\/fr\/#organization\",\"name\":\"GENUS WATCHES\",\"url\":\"https:\/\/genuswatches.swiss\/fr\/\",\"logo\":{\"@type\":\"ImageObject\",\"inLanguage\":\"fr-FR\",\"@id\":\"https:\/\/genuswatches.swiss\/fr\/#\/schema\/logo\/image\/\",\"url\":\"https:\/\/genuswatches.swiss\/wp-content\/uploads\/2026\/03\/Logo_Genus_RVB.jpg\",\"contentUrl\":\"https:\/\/genuswatches.swiss\/wp-content\/uploads\/2026\/03\/Logo_Genus_RVB.jpg\",\"width\":1000,\"height\":1000,\"caption\":\"GENUS WATCHES\"},\"image\":{\"@id\":\"https:\/\/genuswatches.swiss\/fr\/#\/schema\/logo\/image\/\"}}]}<\/script>\n<!-- \/ Yoast SEO plugin. -->","yoast_head_json":{"title":"Mentions l\u00e9gales - Genus Watches","robots":{"index":"noindex","follow":"nofollow"},"og_locale":"fr_FR","og_type":"article","og_title":"Mentions l\u00e9gales - Genus Watches","og_description":"Genus Qui sommes nous ? L\u2019adresse de notre site Web est :www.genuswatches.swiss \u00c9diteur Le site web est \u00e9dit\u00e9 par S\u00e9bastien Billi\u00e8res GENUSRoute de la Galaise 241228 Plan-les-OuatesGen\u00e8ve \u2013 Suissecontact@genuswatches H\u00e9bergeur Infomaniak25 Rue Eug\u00e8ne-Marziano,1227 Les Acacias \u2013 Suisse R\u00e9alisation du site Design \/\u00a0Emily WulfCreation \/Agence Procomag Cr\u00e9dits photos &amp; vid\u00e9os GenusEmily WulfEnvatoDepositUnsplash Politique de confidentialit\u00e9 et [&hellip;]","og_url":"https:\/\/genuswatches.swiss\/fr\/mentions-legales\/","og_site_name":"Genus Watches","article_modified_time":"2025-04-15T15:56:35+00:00","og_image":[{"width":2560,"height":1707,"url":"https:\/\/genuswatches.swiss\/wp-content\/uploads\/2024\/01\/Genus_Dragon\u00a9point-of-views.ch_2050039-1-scaled.jpg","type":"image\/jpeg"}],"twitter_card":"summary_large_image","schema":{"@context":"https:\/\/schema.org","@graph":[{"@type":"WebPage","@id":"https:\/\/genuswatches.swiss\/fr\/mentions-legales\/","url":"https:\/\/genuswatches.swiss\/fr\/mentions-legales\/","name":"Mentions l\u00e9gales - Genus Watches","isPartOf":{"@id":"https:\/\/genuswatches.swiss\/fr\/#website"},"datePublished":"2025-03-12T16:01:38+00:00","dateModified":"2025-04-15T15:56:35+00:00","breadcrumb":{"@id":"https:\/\/genuswatches.swiss\/fr\/mentions-legales\/#breadcrumb"},"inLanguage":"fr-FR","potentialAction":[{"@type":"ReadAction","target":["https:\/\/genuswatches.swiss\/fr\/mentions-legales\/"]}]},{"@type":"BreadcrumbList","@id":"https:\/\/genuswatches.swiss\/fr\/mentions-legales\/#breadcrumb","itemListElement":[{"@type":"ListItem","position":1,"name":"Home","item":"https:\/\/genuswatches.swiss\/fr\/"},{"@type":"ListItem","position":2,"name":"Mentions l\u00e9gales"}]},{"@type":"WebSite","@id":"https:\/\/genuswatches.swiss\/fr\/#website","url":"https:\/\/genuswatches.swiss\/fr\/","name":"Genus Watches","description":"Singularity of time","publisher":{"@id":"https:\/\/genuswatches.swiss\/fr\/#organization"},"potentialAction":[{"@type":"SearchAction","target":{"@type":"EntryPoint","urlTemplate":"https:\/\/genuswatches.swiss\/fr\/?s={search_term_string}"},"query-input":{"@type":"PropertyValueSpecification","valueRequired":true,"valueName":"search_term_string"}}],"inLanguage":"fr-FR"},{"@type":"Organization","@id":"https:\/\/genuswatches.swiss\/fr\/#organization","name":"GENUS WATCHES","url":"https:\/\/genuswatches.swiss\/fr\/","logo":{"@type":"ImageObject","inLanguage":"fr-FR","@id":"https:\/\/genuswatches.swiss\/fr\/#\/schema\/logo\/image\/","url":"https:\/\/genuswatches.swiss\/wp-content\/uploads\/2026\/03\/Logo_Genus_RVB.jpg","contentUrl":"https:\/\/genuswatches.swiss\/wp-content\/uploads\/2026\/03\/Logo_Genus_RVB.jpg","width":1000,"height":1000,"caption":"GENUS WATCHES"},"image":{"@id":"https:\/\/genuswatches.swiss\/fr\/#\/schema\/logo\/image\/"}}]}},"_links":{"self":[{"href":"https:\/\/genuswatches.swiss\/fr\/wp-json\/wp\/v2\/pages\/35858","targetHints":{"allow":["GET"]}}],"collection":[{"href":"https:\/\/genuswatches.swiss\/fr\/wp-json\/wp\/v2\/pages"}],"about":[{"href":"https:\/\/genuswatches.swiss\/fr\/wp-json\/wp\/v2\/types\/page"}],"author":[{"embeddable":true,"href":"https:\/\/genuswatches.swiss\/fr\/wp-json\/wp\/v2\/users\/8"}],"replies":[{"embeddable":true,"href":"https:\/\/genuswatches.swiss\/fr\/wp-json\/wp\/v2\/comments?post=35858"}],"version-history":[{"count":0,"href":"https:\/\/genuswatches.swiss\/fr\/wp-json\/wp\/v2\/pages\/35858\/revisions"}],"wp:attachment":[{"href":"https:\/\/genuswatches.swiss\/fr\/wp-json\/wp\/v2\/media?parent=35858"}],"curies":[{"name":"wp","href":"https:\/\/api.w.org\/{rel}","templated":true}]}}